{"id":96,"date":"2025-01-08T19:07:41","date_gmt":"2025-01-08T19:07:41","guid":{"rendered":"https:\/\/rekinek.eu\/?page_id=96"},"modified":"2025-04-13T09:15:11","modified_gmt":"2025-04-13T09:15:11","slug":"oferta","status":"publish","type":"page","link":"https:\/\/rekinek.eu\/?page_id=96","title":{"rendered":"Oferta"},"content":{"rendered":"\t\t<div data-elementor-type=\"wp-page\" data-elementor-id=\"96\" class=\"elementor elementor-96\">\n\t\t\t\t<div class=\"elementor-element elementor-element-yKKC29N e-flex e-con-boxed e-con e-parent\" data-id=\"yKKC29N\" data-element_type=\"container\">\n\t\t\t\t\t<div class=\"e-con-inner\">\n\t\t<div class=\"elementor-element elementor-element-CJD2i3x e-con-full e-flex e-con e-child\" data-id=\"CJD2i3x\" data-element_type=\"container\">\n\t\t\t\t<div class=\"elementor-element elementor-element-q7TNHz2 elementor-widget elementor-widget-heading\" data-id=\"q7TNHz2\" data-element_type=\"widget\" data-widget_type=\"heading.default\">\n\t\t\t\t<div class=\"elementor-widget-container\">\n\t\t\t\t\t<h5 class=\"elementor-heading-title elementor-size-default\">Nasze Us\u0142ugi<\/h5>\t\t\t\t<\/div>\n\t\t\t\t<\/div>\n\t\t\t\t<div class=\"elementor-element elementor-element-uBmzjzi elementor-widget elementor-widget-heading\" data-id=\"uBmzjzi\" data-element_type=\"widget\" data-widget_type=\"heading.default\">\n\t\t\t\t<div class=\"elementor-widget-container\">\n\t\t\t\t\t<h2 class=\"elementor-heading-title elementor-size-default\">Dostosowane us\u0142ugi transportowe dla Ciebie<\/h2>\t\t\t\t<\/div>\n\t\t\t\t<\/div>\n\t\t\t\t<div class=\"elementor-element elementor-element-yosJzal elementor-widget elementor-widget-text-editor\" data-id=\"yosJzal\" data-element_type=\"widget\" data-widget_type=\"text-editor.default\">\n\t\t\t\t<div class=\"elementor-widget-container\">\n\t\t\t\t\t\t\t\t\t<p>W Przewozach Osobowych REKINEK stawiamy na jako\u015b\u0107 i komfort naszych us\u0142ug. Oferujemy szerok\u0105 gam\u0119 us\u0142ug transportowych, kt\u00f3re dostosowane s\u0105 do Twoich indywidualnych potrzeb:<\/p><ul><li>Wynajem komfortowych autokar\u00f3w<\/li><li>Wynajem do\u015bwiadczonych kierowc\u00f3w<\/li><li>Transport na lotniska \u2013 bez stresu, na czas<\/li><li>Wyjazdy grupowe \u2013 idealne dla szk\u00f3\u0142 i firm<\/li><li>Transfery z i do hotelu \u2013 wygoda na ka\u017cdym kroku<\/li><li>Obs\u0142uga imprez okoliczno\u015bciowych \u2013 na Twoj\u0105 wyj\u0105tkow\u0105 okazj\u0119<\/li><\/ul><p>\u00a0Nasza flota nowoczesnych pojazd\u00f3w oraz wykwalifikowani kierowcy zapewni\u0105 Ci bezpieczn\u0105 i komfortow\u0105 podr\u00f3\u017c. Skontaktuj si\u0119 z nami, aby dowiedzie\u0107 si\u0119 wi\u0119cej!<\/p>\t\t\t\t\t\t\t\t<\/div>\n\t\t\t\t<\/div>\n\t\t\t\t<\/div>\n\t\t\t\t<div class=\"elementor-element elementor-element-OdVHiyU elementor-widget__width-initial elementor-widget-tablet__width-inherit elementor-widget elementor-widget-image\" data-id=\"OdVHiyU\" data-element_type=\"widget\" data-widget_type=\"image.default\">\n\t\t\t\t<div class=\"elementor-widget-container\">\n\t\t\t\t\t\t\t\t\t\t\t\t\t\t\t<img fetchpriority=\"high\" decoding=\"async\" width=\"142\" height=\"567\" src=\"https:\/\/rekinek.eu\/wp-content\/uploads\/2025\/01\/pasek.png\" class=\"attachment-large size-large wp-image-162\" alt=\"\" srcset=\"https:\/\/rekinek.eu\/wp-content\/uploads\/2025\/01\/pasek.png 142w, https:\/\/rekinek.eu\/wp-content\/uploads\/2025\/01\/pasek-75x300.png 75w\" sizes=\"(max-width: 142px) 100vw, 142px\" \/>\t\t\t\t\t\t\t\t\t\t\t\t\t\t\t<\/div>\n\t\t\t\t<\/div>\n\t\t\t\t\t<\/div>\n\t\t\t\t<\/div>\n\t\t<div class=\"elementor-element elementor-element-f88c10d e-flex e-con-boxed e-con e-parent\" data-id=\"f88c10d\" data-element_type=\"container\">\n\t\t\t\t\t<div class=\"e-con-inner\">\n\t\t\t\t<div class=\"elementor-element elementor-element-cc2949e elementor-widget-divider--view-line elementor-widget elementor-widget-divider\" data-id=\"cc2949e\" data-element_type=\"widget\" data-widget_type=\"divider.default\">\n\t\t\t\t<div class=\"elementor-widget-container\">\n\t\t\t\t\t\t\t<div class=\"elementor-divider\">\n\t\t\t<span class=\"elementor-divider-separator\">\n\t\t\t\t\t\t<\/span>\n\t\t<\/div>\n\t\t\t\t\t\t<\/div>\n\t\t\t\t<\/div>\n\t\t\t\t\t<\/div>\n\t\t\t\t<\/div>\n\t\t<div class=\"elementor-element elementor-element-b8c9266 e-flex e-con-boxed e-con e-parent\" data-id=\"b8c9266\" data-element_type=\"container\">\n\t\t\t\t\t<div class=\"e-con-inner\">\n\t\t\t\t<div class=\"elementor-element elementor-element-13d0cc5 elementor-widget elementor-widget-image\" data-id=\"13d0cc5\" data-element_type=\"widget\" data-widget_type=\"image.default\">\n\t\t\t\t<div class=\"elementor-widget-container\">\n\t\t\t\t\t\t\t\t\t\t\t\t\t\t\t<img decoding=\"async\" width=\"640\" height=\"869\" src=\"https:\/\/rekinek.eu\/wp-content\/uploads\/2025\/04\/ulotka5-754x1024.png\" class=\"attachment-large size-large wp-image-199\" alt=\"\" srcset=\"https:\/\/rekinek.eu\/wp-content\/uploads\/2025\/04\/ulotka5-754x1024.png 754w, https:\/\/rekinek.eu\/wp-content\/uploads\/2025\/04\/ulotka5-221x300.png 221w, https:\/\/rekinek.eu\/wp-content\/uploads\/2025\/04\/ulotka5-768x1043.png 768w, https:\/\/rekinek.eu\/wp-content\/uploads\/2025\/04\/ulotka5.png 827w\" sizes=\"(max-width: 640px) 100vw, 640px\" \/>\t\t\t\t\t\t\t\t\t\t\t\t\t\t\t<\/div>\n\t\t\t\t<\/div>\n\t\t\t\t\t<\/div>\n\t\t\t\t<\/div>\n\t\t\t\t<\/div>\n\t\t","protected":false},"excerpt":{"rendered":"<p>Nasze Us\u0142ugi Dostosowane us\u0142ugi transportowe dla Ciebie W Przewozach Osobowych REKINEK stawiamy na jako\u015b\u0107 i komfort naszych us\u0142ug. Oferujemy szerok\u0105 gam\u0119 us\u0142ug transportowych, kt\u00f3re dostosowane s\u0105 do Twoich indywidualnych potrzeb: Wynajem komfortowych autokar\u00f3w Wynajem do\u015bwiadczonych kierowc\u00f3w Transport na lotniska \u2013 bez stresu, na czas Wyjazdy grupowe \u2013 idealne dla szk\u00f3\u0142 i firm Transfery z i<\/p>\n<div class=\"more-link\">\n             <a href=\"https:\/\/rekinek.eu\/?page_id=96\" class=\"link-btn\"><span>Continue Reading <\/span><i class=\"icofont-thin-double-right\"><\/i><\/a>\n        <\/div>\n","protected":false},"author":1,"featured_media":0,"parent":0,"menu_order":0,"comment_status":"closed","ping_status":"closed","template":"","meta":{"footnotes":""},"class_list":["post-96","page","type-page","status-publish","hentry"],"_links":{"self":[{"href":"https:\/\/rekinek.eu\/index.php?rest_route=\/wp\/v2\/pages\/96","targetHints":{"allow":["GET"]}}],"collection":[{"href":"https:\/\/rekinek.eu\/index.php?rest_route=\/wp\/v2\/pages"}],"about":[{"href":"https:\/\/rekinek.eu\/index.php?rest_route=\/wp\/v2\/types\/page"}],"author":[{"embeddable":true,"href":"https:\/\/rekinek.eu\/index.php?rest_route=\/wp\/v2\/users\/1"}],"replies":[{"embeddable":true,"href":"https:\/\/rekinek.eu\/index.php?rest_route=%2Fwp%2Fv2%2Fcomments&post=96"}],"version-history":[{"count":16,"href":"https:\/\/rekinek.eu\/index.php?rest_route=\/wp\/v2\/pages\/96\/revisions"}],"predecessor-version":[{"id":202,"href":"https:\/\/rekinek.eu\/index.php?rest_route=\/wp\/v2\/pages\/96\/revisions\/202"}],"wp:attachment":[{"href":"https:\/\/rekinek.eu\/index.php?rest_route=%2Fwp%2Fv2%2Fmedia&parent=96"}],"curies":[{"name":"wp","href":"https:\/\/api.w.org\/{rel}","templated":true}]}}